{"id":1641,"date":"2019-07-25T16:13:38","date_gmt":"2019-07-25T14:13:38","guid":{"rendered":"http:\/\/produire-en-nouvelle-aquitaine.org\/?page_id=1641"},"modified":"2024-11-12T15:14:49","modified_gmt":"2024-11-12T14:14:49","slug":"territoires-dimages","status":"publish","type":"page","link":"https:\/\/produire-en-nouvelle-aquitaine.org\/index.php\/territoires-dimages\/","title":{"rendered":"Territoire(s) D&rsquo;Images"},"content":{"rendered":"<h3 style=\"text-align: center;\">Prochaine \u00e9dition :<\/h3>\n<p style=\"text-align: center;\">Les 4 et 5 d\u00e9cembre 2024<br \/>\n<a href=\"https:\/\/produire-en-nouvelle-aquitaine.org\/index.php\/2024\/10\/15\/pre-programme-de-la-huitieme-edition-de-territoires-dimages\/\">Cliquez ici pour acc\u00e9der au programme<\/a><\/p>\n<p style=\"text-align: center;\">\u00a0\u00a0\u00a0\u00a0\u00a0\u00a0\u00a0\u00a0\u00a0\u00a0\u00a0 *************************<\/p>\n<p>La Pe\u00f1a est l\u2019organisatrice de Territoire(s) d\u2019images, deux journ\u00e9es de rencontres professionnelles en Nouvelle-Aquitaine d\u00e9di\u00e9es au dialogue des membres de la fili\u00e8re audiovisuelle et cin\u00e9ma autour de la d\u00e9centralisation de la production cin\u00e9matographique et audiovisuelle.<\/p>\n<p>Nous y avons au fil des ans rassembl\u00e9 chaque ann\u00e9e la communaut\u00e9 professionnelle r\u00e9gionale et nationale \u00e0 Limoges depuis 2017 puis \u00e0 Poitiers depuis 2023 : les institutions, les associations professionnelles, les diff\u00e9rents m\u00e9tiers (auteur-ice-s, producteur-ice-s, technicien-ne-s, prestataires), les acteurs de la diffusion (t\u00e9l\u00e9visions, festivals, exploitant-e-s) ainsi que les \u00e9tudiant-e-s.<\/p>\n<p>S\u2019y succ\u00e8dent pendant deux jours tables rondes, \u00e9tudes de cas, projections et moments de networking.<\/p>\n<p>Une grande partie de la manifestation est ouverte au public.<\/p>\n<p><img loading=\"lazy\" decoding=\"async\" class=\"alignnone size-full wp-image-2511\" src=\"http:\/\/produire-en-nouvelle-aquitaine.org\/wp-content\/uploads\/2024\/11\/banner-scaled.jpg\" alt=\"\" width=\"2560\" height=\"290\" srcset=\"https:\/\/produire-en-nouvelle-aquitaine.org\/wp-content\/uploads\/2024\/11\/banner-scaled.jpg 2560w, https:\/\/produire-en-nouvelle-aquitaine.org\/wp-content\/uploads\/2024\/11\/banner-300x34.jpg 300w, https:\/\/produire-en-nouvelle-aquitaine.org\/wp-content\/uploads\/2024\/11\/banner-1024x116.jpg 1024w, https:\/\/produire-en-nouvelle-aquitaine.org\/wp-content\/uploads\/2024\/11\/banner-768x87.jpg 768w, https:\/\/produire-en-nouvelle-aquitaine.org\/wp-content\/uploads\/2024\/11\/banner-1536x174.jpg 1536w, https:\/\/produire-en-nouvelle-aquitaine.org\/wp-content\/uploads\/2024\/11\/banner-2048x232.jpg 2048w\" sizes=\"(max-width: 2560px) 100vw, 2560px\" \/><\/p>\n","protected":false},"excerpt":{"rendered":"<p>Prochaine \u00e9dition : Les 4 et 5 d\u00e9cembre 2024 Cliquez ici pour acc\u00e9der au programme \u00a0\u00a0\u00a0\u00a0\u00a0\u00a0\u00a0\u00a0\u00a0\u00a0\u00a0 ************************* La Pe\u00f1a est l\u2019organisatrice de Territoire(s) d\u2019images, deux journ\u00e9es de rencontres professionnelles en Nouvelle-Aquitaine d\u00e9di\u00e9es au dialogue des membres de la fili\u00e8re audiovisuelle et cin\u00e9ma autour de la d\u00e9centralisation de la production cin\u00e9matographique et audiovisuelle. Nous y avons&hellip; <a href=\"https:\/\/produire-en-nouvelle-aquitaine.org\/index.php\/territoires-dimages\/\" class=\"more-link\">Lire la suite <span class=\"screen-reader-text\">Territoire(s) D&rsquo;Images<\/span><\/a><\/p>\n","protected":false},"author":2,"featured_media":0,"parent":0,"menu_order":0,"comment_status":"closed","ping_status":"closed","template":"","meta":{"footnotes":""},"_links":{"self":[{"href":"https:\/\/produire-en-nouvelle-aquitaine.org\/index.php\/wp-json\/wp\/v2\/pages\/1641"}],"collection":[{"href":"https:\/\/produire-en-nouvelle-aquitaine.org\/index.php\/wp-json\/wp\/v2\/pages"}],"about":[{"href":"https:\/\/produire-en-nouvelle-aquitaine.org\/index.php\/wp-json\/wp\/v2\/types\/page"}],"author":[{"embeddable":true,"href":"https:\/\/produire-en-nouvelle-aquitaine.org\/index.php\/wp-json\/wp\/v2\/users\/2"}],"replies":[{"embeddable":true,"href":"https:\/\/produire-en-nouvelle-aquitaine.org\/index.php\/wp-json\/wp\/v2\/comments?post=1641"}],"version-history":[{"count":43,"href":"https:\/\/produire-en-nouvelle-aquitaine.org\/index.php\/wp-json\/wp\/v2\/pages\/1641\/revisions"}],"predecessor-version":[{"id":2512,"href":"https:\/\/produire-en-nouvelle-aquitaine.org\/index.php\/wp-json\/wp\/v2\/pages\/1641\/revisions\/2512"}],"wp:attachment":[{"href":"https:\/\/produire-en-nouvelle-aquitaine.org\/index.php\/wp-json\/wp\/v2\/media?parent=1641"}],"curies":[{"name":"wp","href":"https:\/\/api.w.org\/{rel}","templated":true}]}}